{"id":82,"date":"2018-04-25T20:29:08","date_gmt":"2018-04-25T20:29:08","guid":{"rendered":"http:\/\/www.3d-masters.cz\/?page_id=82"},"modified":"2019-01-07T19:21:17","modified_gmt":"2019-01-07T19:21:17","slug":"optimalizace","status":"publish","type":"page","link":"https:\/\/www.3d-masters.cz\/index.php\/optimalizace\/","title":{"rendered":"Optimalizace"},"content":{"rendered":"<h1 style=\"text-align: center;\">Hled\u00e1me optim\u00e1ln\u00ed \u0159e\u0161en\u00ed va\u0161ich n\u00e1vrh\u016f<\/h1>\n\n\n<div class=\"ngg-galleryoverview ngg-slideshow\"\n\t id=\"ngg-slideshow-147a7a9416eb381400039a32a52bab82-3131794750\"\n     style=\"max-width: 900px; max-height: 400px;\">\n\n \t<div id=\"ngg-image-0\" class=\"ngg-gallery-slideshow-image\" style=\"height:400px\">\n\t\t\t\t\t\n\t\t\t\t\t<a href=\"https:\/\/www.3d-masters.cz\/wp-content\/gallery\/topologicka\/genetick%C3%A1-optimalizace.PNG\"\n                      title=\"\"\n                      data-src=\"https:\/\/www.3d-masters.cz\/wp-content\/gallery\/topologicka\/genetick%C3%A1-optimalizace.PNG\"\n                      data-thumbnail=\"https:\/\/www.3d-masters.cz\/wp-content\/gallery\/topologicka\/thumbs\/thumbs_genetick%C3%A1-optimalizace.PNG\"\n                      data-image-id=\"7\"\n                      data-title=\"genetick\u00e1 optimalizace\"\n                      data-description=\"\"\n                      class=\"ngg-fancybox\" rel=\"147a7a9416eb381400039a32a52bab82\">\n\n\t\t\t\t\t\t<img data-image-id='7'\n\t\t\t\t\t     title=\"\"\n\t\t\t\t\t     alt=\"genetick\u00e1 optimalizace\"\n\t\t\t\t\t     src=\"https:\/\/www.3d-masters.cz\/wp-content\/gallery\/topologicka\/genetick%C3%A1-optimalizace.PNG\"\n\t\t\t\t\t     style=\"max-height: 380px;\"\n\t\t\t\t\t     \/>\n\n\t\t\t\t\t<\/a>\n\n\t\t\t\t<\/div> \n<div id=\"ngg-image-1\" class=\"ngg-gallery-slideshow-image\" style=\"height:400px\">\n\t\t\t\t\t\n\t\t\t\t\t<a href=\"https:\/\/www.3d-masters.cz\/wp-content\/gallery\/topologicka\/genetick%C3%A1-optimalizace2.JPG\"\n                      title=\"\"\n                      data-src=\"https:\/\/www.3d-masters.cz\/wp-content\/gallery\/topologicka\/genetick%C3%A1-optimalizace2.JPG\"\n                      data-thumbnail=\"https:\/\/www.3d-masters.cz\/wp-content\/gallery\/topologicka\/thumbs\/thumbs_genetick%C3%A1-optimalizace2.JPG\"\n                      data-image-id=\"8\"\n                      data-title=\"genetick\u00e1 optimalizace2\"\n                      data-description=\"\"\n                      class=\"ngg-fancybox\" rel=\"147a7a9416eb381400039a32a52bab82\">\n\n\t\t\t\t\t\t<img data-image-id='8'\n\t\t\t\t\t     title=\"\"\n\t\t\t\t\t     alt=\"genetick\u00e1 optimalizace2\"\n\t\t\t\t\t     src=\"https:\/\/www.3d-masters.cz\/wp-content\/gallery\/topologicka\/genetick%C3%A1-optimalizace2.JPG\"\n\t\t\t\t\t     style=\"max-height: 380px;\"\n\t\t\t\t\t     \/>\n\n\t\t\t\t\t<\/a>\n\n\t\t\t\t<\/div> \n<div id=\"ngg-image-2\" class=\"ngg-gallery-slideshow-image\" style=\"height:400px\">\n\t\t\t\t\t\n\t\t\t\t\t<a href=\"https:\/\/www.3d-masters.cz\/wp-content\/gallery\/topologicka\/Motorland-Aragon.jpg\"\n                      title=\"\"\n                      data-src=\"https:\/\/www.3d-masters.cz\/wp-content\/gallery\/topologicka\/Motorland-Aragon.jpg\"\n                      data-thumbnail=\"https:\/\/www.3d-masters.cz\/wp-content\/gallery\/topologicka\/thumbs\/thumbs_Motorland-Aragon.jpg\"\n                      data-image-id=\"18\"\n                      data-title=\"Motorland Aragon\"\n                      data-description=\"\"\n                      class=\"ngg-fancybox\" rel=\"147a7a9416eb381400039a32a52bab82\">\n\n\t\t\t\t\t\t<img data-image-id='18'\n\t\t\t\t\t     title=\"\"\n\t\t\t\t\t     alt=\"Motorland Aragon\"\n\t\t\t\t\t     src=\"https:\/\/www.3d-masters.cz\/wp-content\/gallery\/topologicka\/Motorland-Aragon.jpg\"\n\t\t\t\t\t     style=\"max-height: 380px;\"\n\t\t\t\t\t     \/>\n\n\t\t\t\t\t<\/a>\n\n\t\t\t\t<\/div> \n\t\n<\/div>\n\n\n\n\n<hr>\n<h2 style=\"text-align: center;\">Topologick\u00e1 optimalizace<\/h2>\n<p style=\"text-align: center;\"><span style=\"font-weight: 400;\">Vyhled\u00e1me optim\u00e1ln\u00ed rozlo\u017een\u00ed materi\u00e1lu v prostoru pro maxim\u00e1ln\u00ed tuhost sou\u010d\u00e1stky.<\/span><\/p>\n<p style=\"text-align: center;\"><span style=\"font-weight: 400;\">Nalezneme hlavn\u00ed sm\u011bry r\u00e1mov\u00e9 konstrukce pro dosa\u017een\u00ed nejvy\u0161\u0161\u00ed tuhosti.<\/span><\/p>\n<p style=\"text-align: center;\"><span style=\"font-weight: 400;\">Vytvo\u0159en\u00e9 sou\u010d\u00e1stky lze n\u00e1sledn\u011b vytisknout pomoc\u00ed FDM tisk\u00e1rny.<\/span><\/p>\n\n\n<div class=\"ngg-galleryoverview ngg-slideshow\"\n\t id=\"ngg-slideshow-1137e17daa2582f25ceba36c2b39281f-7970156950\"\n     style=\"max-width: 600px; max-height: 400px;\">\n\n \t<div id=\"ngg-image-0\" class=\"ngg-gallery-slideshow-image\" style=\"height:400px\">\n\t\t\t\t\t\n\t\t\t\t\t<a href=\"https:\/\/www.3d-masters.cz\/wp-content\/gallery\/topologickaopt\/Top-opt-2.jpg\"\n                      title=\"\"\n                      data-src=\"https:\/\/www.3d-masters.cz\/wp-content\/gallery\/topologickaopt\/Top-opt-2.jpg\"\n                      data-thumbnail=\"https:\/\/www.3d-masters.cz\/wp-content\/gallery\/topologickaopt\/thumbs\/thumbs_Top-opt-2.jpg\"\n                      data-image-id=\"26\"\n                      data-title=\"Top-opt-2\"\n                      data-description=\"\"\n                      class=\"ngg-fancybox\" rel=\"1137e17daa2582f25ceba36c2b39281f\">\n\n\t\t\t\t\t\t<img data-image-id='26'\n\t\t\t\t\t     title=\"\"\n\t\t\t\t\t     alt=\"Top-opt-2\"\n\t\t\t\t\t     src=\"https:\/\/www.3d-masters.cz\/wp-content\/gallery\/topologickaopt\/Top-opt-2.jpg\"\n\t\t\t\t\t     style=\"max-height: 380px;\"\n\t\t\t\t\t     \/>\n\n\t\t\t\t\t<\/a>\n\n\t\t\t\t<\/div> \n<div id=\"ngg-image-1\" class=\"ngg-gallery-slideshow-image\" style=\"height:400px\">\n\t\t\t\t\t\n\t\t\t\t\t<a href=\"https:\/\/www.3d-masters.cz\/wp-content\/gallery\/topologickaopt\/Top-opt-3.jpg\"\n                      title=\"\"\n                      data-src=\"https:\/\/www.3d-masters.cz\/wp-content\/gallery\/topologickaopt\/Top-opt-3.jpg\"\n                      data-thumbnail=\"https:\/\/www.3d-masters.cz\/wp-content\/gallery\/topologickaopt\/thumbs\/thumbs_Top-opt-3.jpg\"\n                      data-image-id=\"27\"\n                      data-title=\"Top-opt-3\"\n                      data-description=\"\"\n                      class=\"ngg-fancybox\" rel=\"1137e17daa2582f25ceba36c2b39281f\">\n\n\t\t\t\t\t\t<img data-image-id='27'\n\t\t\t\t\t     title=\"\"\n\t\t\t\t\t     alt=\"Top-opt-3\"\n\t\t\t\t\t     src=\"https:\/\/www.3d-masters.cz\/wp-content\/gallery\/topologickaopt\/Top-opt-3.jpg\"\n\t\t\t\t\t     style=\"max-height: 380px;\"\n\t\t\t\t\t     \/>\n\n\t\t\t\t\t<\/a>\n\n\t\t\t\t<\/div> \n<div id=\"ngg-image-2\" class=\"ngg-gallery-slideshow-image\" style=\"height:400px\">\n\t\t\t\t\t\n\t\t\t\t\t<a href=\"https:\/\/www.3d-masters.cz\/wp-content\/gallery\/topologickaopt\/Top-opt-4.jpg\"\n                      title=\"\"\n                      data-src=\"https:\/\/www.3d-masters.cz\/wp-content\/gallery\/topologickaopt\/Top-opt-4.jpg\"\n                      data-thumbnail=\"https:\/\/www.3d-masters.cz\/wp-content\/gallery\/topologickaopt\/thumbs\/thumbs_Top-opt-4.jpg\"\n                      data-image-id=\"28\"\n                      data-title=\"Top-opt-4\"\n                      data-description=\"\"\n                      class=\"ngg-fancybox\" rel=\"1137e17daa2582f25ceba36c2b39281f\">\n\n\t\t\t\t\t\t<img data-image-id='28'\n\t\t\t\t\t     title=\"\"\n\t\t\t\t\t     alt=\"Top-opt-4\"\n\t\t\t\t\t     src=\"https:\/\/www.3d-masters.cz\/wp-content\/gallery\/topologickaopt\/Top-opt-4.jpg\"\n\t\t\t\t\t     style=\"max-height: 380px;\"\n\t\t\t\t\t     \/>\n\n\t\t\t\t\t<\/a>\n\n\t\t\t\t<\/div> \n<div id=\"ngg-image-3\" class=\"ngg-gallery-slideshow-image\" style=\"height:400px\">\n\t\t\t\t\t\n\t\t\t\t\t<a href=\"https:\/\/www.3d-masters.cz\/wp-content\/gallery\/topologickaopt\/Top-opt-5.jpg\"\n                      title=\"\"\n                      data-src=\"https:\/\/www.3d-masters.cz\/wp-content\/gallery\/topologickaopt\/Top-opt-5.jpg\"\n                      data-thumbnail=\"https:\/\/www.3d-masters.cz\/wp-content\/gallery\/topologickaopt\/thumbs\/thumbs_Top-opt-5.jpg\"\n                      data-image-id=\"29\"\n                      data-title=\"Top-opt-5\"\n                      data-description=\"\"\n                      class=\"ngg-fancybox\" rel=\"1137e17daa2582f25ceba36c2b39281f\">\n\n\t\t\t\t\t\t<img data-image-id='29'\n\t\t\t\t\t     title=\"\"\n\t\t\t\t\t     alt=\"Top-opt-5\"\n\t\t\t\t\t     src=\"https:\/\/www.3d-masters.cz\/wp-content\/gallery\/topologickaopt\/Top-opt-5.jpg\"\n\t\t\t\t\t     style=\"max-height: 380px;\"\n\t\t\t\t\t     \/>\n\n\t\t\t\t\t<\/a>\n\n\t\t\t\t<\/div> \n\t\n<\/div>\n\n\n\n\n<p style=\"text-align: center;\"><em>Pevnostn\u00ed anal\u00fdza navr\u017een\u00e9ho schodi\u0161t\u011b<\/em><\/p>\n<h3 style=\"text-align: center;\">Princip<\/h3>\n<p style=\"text-align: center;\"><span style=\"font-weight: 400;\">Topologick\u00e1 optimalizace pomoc\u00ed algoritmu rozd\u011bl\u00ed definovan\u00fd prostor, ve kter\u00e9m m\u016f\u017ee b\u00fdt sou\u010d\u00e1stka vytvo\u0159ena na mal\u00e9 segmenty objemu. N\u00e1sledn\u011b hled\u00e1 ty segmenty, kter\u00e9 jsou pro tuhost sou\u010d\u00e1stky nejd\u016fle\u017eit\u011bj\u0161\u00ed. V\u00fdsledkem jsou \u010dasto struktury organick\u00e9ho vzhledu, kter\u00e9 jsou ide\u00e1ln\u00ed pro 3D tisk. V\u00fdsledn\u00fd tvar ur\u010duje, kter\u00e9 \u010d\u00e1sti prostoru jsou pro tuhost sou\u010d\u00e1stky nejd\u016fle\u017eit\u011bj\u0161\u00ed, a kde by se m\u011bli nach\u00e1zet konstruk\u010dn\u00ed prvky.<\/span><\/p>\n<p>&nbsp;<\/p>\n<p style=\"text-align: center;\">&nbsp;<\/p>\n<hr>\n<h2 style=\"text-align: center;\"><strong>Pevnostn\u00ed anal\u00fdza<\/strong><\/h2>\n<p style=\"text-align: center;\">Prov\u00e1d\u00edme pevnostn\u00ed anal\u00fdzu v\u00e1mi navr\u017een\u00fdch sou\u010d\u00e1stek<\/p>\n<p style=\"text-align: center;\">Ur\u010d\u00edme maxim\u00e1ln\u00ed nap\u011bt\u00ed, pr\u016fhyb, p\u016fsob\u00edc\u00ed s\u00edly a momenty konstrukce<\/p>\n\n\n<div class=\"ngg-galleryoverview ngg-slideshow\"\n\t id=\"ngg-slideshow-6e1dd503de6a2e6f2b067a3e007fde1c-6292159760\"\n     style=\"max-width: 900px; max-height: 400px;\">\n\n \t<div id=\"ngg-image-0\" class=\"ngg-gallery-slideshow-image\" style=\"height:400px\">\n\t\t\t\t\t\n\t\t\t\t\t<a href=\"https:\/\/www.3d-masters.cz\/wp-content\/gallery\/pevnostnianalyza\/Pevnostni-analyza.jpg\"\n                      title=\"\"\n                      data-src=\"https:\/\/www.3d-masters.cz\/wp-content\/gallery\/pevnostnianalyza\/Pevnostni-analyza.jpg\"\n                      data-thumbnail=\"https:\/\/www.3d-masters.cz\/wp-content\/gallery\/pevnostnianalyza\/thumbs\/thumbs_Pevnostni-analyza.jpg\"\n                      data-image-id=\"24\"\n                      data-title=\"Pevnostni analyza\"\n                      data-description=\"\"\n                      class=\"ngg-fancybox\" rel=\"6e1dd503de6a2e6f2b067a3e007fde1c\">\n\n\t\t\t\t\t\t<img data-image-id='24'\n\t\t\t\t\t     title=\"\"\n\t\t\t\t\t     alt=\"Pevnostni analyza\"\n\t\t\t\t\t     src=\"https:\/\/www.3d-masters.cz\/wp-content\/gallery\/pevnostnianalyza\/Pevnostni-analyza.jpg\"\n\t\t\t\t\t     style=\"max-height: 380px;\"\n\t\t\t\t\t     \/>\n\n\t\t\t\t\t<\/a>\n\n\t\t\t\t<\/div> \n<div id=\"ngg-image-1\" class=\"ngg-gallery-slideshow-image\" style=\"height:400px\">\n\t\t\t\t\t\n\t\t\t\t\t<a href=\"https:\/\/www.3d-masters.cz\/wp-content\/gallery\/pevnostnianalyza\/Pevnostni-analyza1.jpg\"\n                      title=\"\"\n                      data-src=\"https:\/\/www.3d-masters.cz\/wp-content\/gallery\/pevnostnianalyza\/Pevnostni-analyza1.jpg\"\n                      data-thumbnail=\"https:\/\/www.3d-masters.cz\/wp-content\/gallery\/pevnostnianalyza\/thumbs\/thumbs_Pevnostni-analyza1.jpg\"\n                      data-image-id=\"25\"\n                      data-title=\"Pevnostni analyza1\"\n                      data-description=\"\"\n                      class=\"ngg-fancybox\" rel=\"6e1dd503de6a2e6f2b067a3e007fde1c\">\n\n\t\t\t\t\t\t<img data-image-id='25'\n\t\t\t\t\t     title=\"\"\n\t\t\t\t\t     alt=\"Pevnostni analyza1\"\n\t\t\t\t\t     src=\"https:\/\/www.3d-masters.cz\/wp-content\/gallery\/pevnostnianalyza\/Pevnostni-analyza1.jpg\"\n\t\t\t\t\t     style=\"max-height: 380px;\"\n\t\t\t\t\t     \/>\n\n\t\t\t\t\t<\/a>\n\n\t\t\t\t<\/div> \n\t\n<\/div>\n\n\n\n\n<p style=\"text-align: center;\"><em>Pevnostn\u00ed anal\u00fdza r\u00e1mov\u00e9 konstrukce<\/em><\/p>\n<h3 style=\"text-align: center;\">Princip<\/h3>\n<p style=\"text-align: center;\">Pevnostn\u00ed anal\u00fdza spad\u00e1 do skupiny FEM simulac\u00ed, kdy je konstrukce rozd\u011blena na kone\u010dn\u00fd po\u010det prvk\u016f pomoc\u00ed triangulace a n\u00e1sledn\u011b jsou pro ka\u017ed\u00fd prvek po\u010d\u00edt\u00e1ny z\u00e1kladn\u00ed fyzik\u00e1ln\u00ed vztahy.<\/p>\n<hr>\n<h2 style=\"text-align: center;\"><strong>Genetick\u00e1 optimalizace<\/strong><\/h2>\n<p style=\"text-align: center;\"><span style=\"font-weight: 400;\">Optimalizujeme \u0159e\u0161en\u00ed v&nbsp;prostoru na z\u00e1klad\u011b po\u017eadavk\u016f u\u017eivatele.<\/span><\/p>\n<p style=\"text-align: center;\"><span style=\"font-weight: 400;\">Hled\u00e1me maxim\u00e1ln\u00ed a minim\u00e1ln\u00ed hodnoty c\u00edlov\u00e9 funkce, kter\u00e9 jsou zadan\u00e9 u\u017eivatelem.<\/span><\/p>\n<p style=\"text-align: center;\"><span style=\"font-weight: 400;\">Pro genetickou optimalizaci vyu\u017e\u00edv\u00e1me dynamick\u00e9 modely zalo\u017een\u00e9 na parametrech.<\/span><\/p>\n<p style=\"text-align: center;\"><span style=\"font-weight: 400;\">Dok\u00e1\u017eeme nap\u0159\u00edklad nal\u00e9zt nejkrat\u0161\u00ed cestu v&nbsp;ter\u00e9nu, optim\u00e1ln\u00ed trasu pro pr\u016fjezd zat\u00e1\u010dkou\u2026<\/span><\/p>\n\n\n<div class=\"ngg-galleryoverview ngg-slideshow\"\n\t id=\"ngg-slideshow-b68e2edafaa2c97b8f875ddbd9ea7ac3-10826034160\"\n     style=\"max-width: 800px; max-height: 400px;\">\n\n \t<div id=\"ngg-image-0\" class=\"ngg-gallery-slideshow-image\" style=\"height:400px\">\n\t\t\t\t\t\n\t\t\t\t\t<a href=\"https:\/\/www.3d-masters.cz\/wp-content\/gallery\/topologicka\/genetick%C3%A1-optimalizace.PNG\"\n                      title=\"\"\n                      data-src=\"https:\/\/www.3d-masters.cz\/wp-content\/gallery\/topologicka\/genetick%C3%A1-optimalizace.PNG\"\n                      data-thumbnail=\"https:\/\/www.3d-masters.cz\/wp-content\/gallery\/topologicka\/thumbs\/thumbs_genetick%C3%A1-optimalizace.PNG\"\n                      data-image-id=\"7\"\n                      data-title=\"genetick\u00e1 optimalizace\"\n                      data-description=\"\"\n                      class=\"ngg-fancybox\" rel=\"b68e2edafaa2c97b8f875ddbd9ea7ac3\">\n\n\t\t\t\t\t\t<img data-image-id='7'\n\t\t\t\t\t     title=\"\"\n\t\t\t\t\t     alt=\"genetick\u00e1 optimalizace\"\n\t\t\t\t\t     src=\"https:\/\/www.3d-masters.cz\/wp-content\/gallery\/topologicka\/genetick%C3%A1-optimalizace.PNG\"\n\t\t\t\t\t     style=\"max-height: 380px;\"\n\t\t\t\t\t     \/>\n\n\t\t\t\t\t<\/a>\n\n\t\t\t\t<\/div> \n<div id=\"ngg-image-1\" class=\"ngg-gallery-slideshow-image\" style=\"height:400px\">\n\t\t\t\t\t\n\t\t\t\t\t<a href=\"https:\/\/www.3d-masters.cz\/wp-content\/gallery\/topologicka\/genetick%C3%A1-optimalizace2.JPG\"\n                      title=\"\"\n                      data-src=\"https:\/\/www.3d-masters.cz\/wp-content\/gallery\/topologicka\/genetick%C3%A1-optimalizace2.JPG\"\n                      data-thumbnail=\"https:\/\/www.3d-masters.cz\/wp-content\/gallery\/topologicka\/thumbs\/thumbs_genetick%C3%A1-optimalizace2.JPG\"\n                      data-image-id=\"8\"\n                      data-title=\"genetick\u00e1 optimalizace2\"\n                      data-description=\"\"\n                      class=\"ngg-fancybox\" rel=\"b68e2edafaa2c97b8f875ddbd9ea7ac3\">\n\n\t\t\t\t\t\t<img data-image-id='8'\n\t\t\t\t\t     title=\"\"\n\t\t\t\t\t     alt=\"genetick\u00e1 optimalizace2\"\n\t\t\t\t\t     src=\"https:\/\/www.3d-masters.cz\/wp-content\/gallery\/topologicka\/genetick%C3%A1-optimalizace2.JPG\"\n\t\t\t\t\t     style=\"max-height: 380px;\"\n\t\t\t\t\t     \/>\n\n\t\t\t\t\t<\/a>\n\n\t\t\t\t<\/div> \n<div id=\"ngg-image-2\" class=\"ngg-gallery-slideshow-image\" style=\"height:400px\">\n\t\t\t\t\t\n\t\t\t\t\t<a href=\"https:\/\/www.3d-masters.cz\/wp-content\/gallery\/topologicka\/Motorland-Aragon.jpg\"\n                      title=\"\"\n                      data-src=\"https:\/\/www.3d-masters.cz\/wp-content\/gallery\/topologicka\/Motorland-Aragon.jpg\"\n                      data-thumbnail=\"https:\/\/www.3d-masters.cz\/wp-content\/gallery\/topologicka\/thumbs\/thumbs_Motorland-Aragon.jpg\"\n                      data-image-id=\"18\"\n                      data-title=\"Motorland Aragon\"\n                      data-description=\"\"\n                      class=\"ngg-fancybox\" rel=\"b68e2edafaa2c97b8f875ddbd9ea7ac3\">\n\n\t\t\t\t\t\t<img data-image-id='18'\n\t\t\t\t\t     title=\"\"\n\t\t\t\t\t     alt=\"Motorland Aragon\"\n\t\t\t\t\t     src=\"https:\/\/www.3d-masters.cz\/wp-content\/gallery\/topologicka\/Motorland-Aragon.jpg\"\n\t\t\t\t\t     style=\"max-height: 380px;\"\n\t\t\t\t\t     \/>\n\n\t\t\t\t\t<\/a>\n\n\t\t\t\t<\/div> \n\t\n<\/div>\n\n\n\n\n<p style=\"text-align: center;\"><em>Nejrychlej\u0161\u00ed trasa vypo\u010dten\u00e1 pomoc\u00ed genetick\u00e9 optimalizace pro okruh Moto Aragon (SP)<\/em><\/p>\n<h3 style=\"text-align: center;\">Princip<\/h3>\n<p style=\"text-align: center;\"><span style=\"font-weight: 400;\">Genetick\u00e1 optimalizace pracuje na Darwinov\u011b p\u0159irozen\u00e9m v\u00fdb\u011bru. Principem je stanoven\u00ed skupiny n\u00e1hodn\u00fdch kombinac\u00ed hodnot parametr\u016f. Z t\u00e9to skupiny jsou pak vybr\u00e1ny jen ty hodnoty, kter\u00e9 dosahuj\u00ed nejlep\u0161\u00edch v\u00fdsledk\u016f (rodi\u010d\u016f). Z&nbsp;t\u011bchto hodnot jsou n\u00e1sledn\u011b vytvo\u0159eny dal\u0161\u00ed kombinace (potomci), kte\u0159\u00ed se n\u00e1sledn\u011b st\u00e1vaj\u00ed rodi\u010di pro dal\u0161\u00ed generaci. Algoritmus se opakuje do t\u00e9 doby, ne\u017e nen\u00ed nalezen glob\u00e1ln\u00ed extr\u00e9m funkce nebo do nalezen\u00ed dosta\u010duj\u00edc\u00ed hodnoty.<\/span><\/p>\n<p style=\"text-align: center;\">&nbsp;<\/p>\n<hr>\n<h2 style=\"text-align: center;\">&nbsp;Cena<\/h2>\n<p style=\"text-align: center;\">Cena optimalizac\u00ed je z\u00e1visl\u00e1 na slo\u017eitosti \u00falohy<\/p>\n<p style=\"text-align: center;\">Za\u0161lete n\u00e1m V\u00e1\u0161 probl\u00e9m a my V\u00e1m obratem odpov\u00edme<\/p>\n<p>&nbsp;<\/p>\n","protected":false},"excerpt":{"rendered":"<p>Hled\u00e1me optim\u00e1ln\u00ed \u0159e\u0161en\u00ed va\u0161ich n\u00e1vrh\u016f &#8220; order_by=&#8220;sortorder&#8220; order_direction=&#8220;ASC&#8220; returns=&#8220;included&#8220; maximum_entity_count=&#8220;500&#8243;] Topologick\u00e1 optimalizace Vyhled\u00e1me optim\u00e1ln\u00ed rozlo\u017een\u00ed materi\u00e1lu v prostoru pro maxim\u00e1ln\u00ed tuhost sou\u010d\u00e1stky. Nalezneme hlavn\u00ed sm\u011bry r\u00e1mov\u00e9 konstrukce pro dosa\u017een\u00ed nejvy\u0161\u0161\u00ed tuhosti. Vytvo\u0159en\u00e9 sou\u010d\u00e1stky lze n\u00e1sledn\u011b vytisknout pomoc\u00ed FDM tisk\u00e1rny. &#8220; order_by=&#8220;sortorder&#8220; order_direction=&#8220;ASC&#8220; returns=&#8220;included&#8220; maximum_entity_count=&#8220;500&#8243;] Pevnostn\u00ed anal\u00fdza navr\u017een\u00e9ho schodi\u0161t\u011b Princip Topologick\u00e1 optimalizace pomoc\u00ed algoritmu rozd\u011bl\u00ed definovan\u00fd <a href=\"https:\/\/www.3d-masters.cz\/index.php\/optimalizace\/\" rel=\"nofollow\"><span class=\"sr-only\">P\u0159e\u010d\u00edst si v\u00edc oOptimalizace<\/span>[&hellip;]<\/a><\/p>\n","protected":false},"author":1,"featured_media":0,"parent":0,"menu_order":0,"comment_status":"closed","ping_status":"closed","template":"template-fullwidth-no-title.php","meta":{"ngg_post_thumbnail":0},"_links":{"self":[{"href":"https:\/\/www.3d-masters.cz\/index.php\/wp-json\/wp\/v2\/pages\/82"}],"collection":[{"href":"https:\/\/www.3d-masters.cz\/index.php\/wp-json\/wp\/v2\/pages"}],"about":[{"href":"https:\/\/www.3d-masters.cz\/index.php\/wp-json\/wp\/v2\/types\/page"}],"author":[{"embeddable":true,"href":"https:\/\/www.3d-masters.cz\/index.php\/wp-json\/wp\/v2\/users\/1"}],"replies":[{"embeddable":true,"href":"https:\/\/www.3d-masters.cz\/index.php\/wp-json\/wp\/v2\/comments?post=82"}],"version-history":[{"count":36,"href":"https:\/\/www.3d-masters.cz\/index.php\/wp-json\/wp\/v2\/pages\/82\/revisions"}],"predecessor-version":[{"id":559,"href":"https:\/\/www.3d-masters.cz\/index.php\/wp-json\/wp\/v2\/pages\/82\/revisions\/559"}],"wp:attachment":[{"href":"https:\/\/www.3d-masters.cz\/index.php\/wp-json\/wp\/v2\/media?parent=82"}],"curies":[{"name":"wp","href":"https:\/\/api.w.org\/{rel}","templated":true}]}}