{"id":7,"date":"2018-04-25T08:54:40","date_gmt":"2018-04-25T08:54:40","guid":{"rendered":"http:\/\/www.3d-masters.cz\/?page_id=7"},"modified":"2018-11-07T20:32:13","modified_gmt":"2018-11-07T20:32:13","slug":"domu","status":"publish","type":"page","link":"https:\/\/www.3d-masters.cz\/","title":{"rendered":"Dom\u016f"},"content":{"rendered":"<p>Ve 3D masters se zab\u00fdv\u00e1me sv\u011btem 3D. Prototypujeme, modelujeme a z\u00edsk\u00e1v\u00e1me 3D modely z re\u00e1ln\u00e9ho sv\u011bta , kter\u00e9 jsme n\u00e1sledn\u011b schopni vyu\u017e\u00edt pro optimalizace, vizualizace nebo virtu\u00e1ln\u00ed realitu. Vyu\u017e\u00edv\u00e1me modern\u00edch metod modelov\u00e1n\u00ed a inovativn\u00edch p\u0159\u00edstup\u016f k dosa\u017een\u00ed nejlep\u0161\u00edch v\u00fdsledk\u016f.<\/p>\n<p>&nbsp;<\/p>\n","protected":false},"excerpt":{"rendered":"<p>Ve 3D masters se zab\u00fdv\u00e1me sv\u011btem 3D. Prototypujeme, modelujeme a z\u00edsk\u00e1v\u00e1me 3D modely z re\u00e1ln\u00e9ho sv\u011bta , kter\u00e9 jsme n\u00e1sledn\u011b schopni vyu\u017e\u00edt pro optimalizace, vizualizace nebo virtu\u00e1ln\u00ed realitu. Vyu\u017e\u00edv\u00e1me modern\u00edch metod modelov\u00e1n\u00ed a inovativn\u00edch p\u0159\u00edstup\u016f k dosa\u017een\u00ed nejlep\u0161\u00edch v\u00fdsledk\u016f. &nbsp;<\/p>\n","protected":false},"author":1,"featured_media":0,"parent":0,"menu_order":0,"comment_status":"closed","ping_status":"closed","template":"","meta":{"ngg_post_thumbnail":0},"_links":{"self":[{"href":"https:\/\/www.3d-masters.cz\/index.php\/wp-json\/wp\/v2\/pages\/7"}],"collection":[{"href":"https:\/\/www.3d-masters.cz\/index.php\/wp-json\/wp\/v2\/pages"}],"about":[{"href":"https:\/\/www.3d-masters.cz\/index.php\/wp-json\/wp\/v2\/types\/page"}],"author":[{"embeddable":true,"href":"https:\/\/www.3d-masters.cz\/index.php\/wp-json\/wp\/v2\/users\/1"}],"replies":[{"embeddable":true,"href":"https:\/\/www.3d-masters.cz\/index.php\/wp-json\/wp\/v2\/comments?post=7"}],"version-history":[{"count":7,"href":"https:\/\/www.3d-masters.cz\/index.php\/wp-json\/wp\/v2\/pages\/7\/revisions"}],"predecessor-version":[{"id":550,"href":"https:\/\/www.3d-masters.cz\/index.php\/wp-json\/wp\/v2\/pages\/7\/revisions\/550"}],"wp:attachment":[{"href":"https:\/\/www.3d-masters.cz\/index.php\/wp-json\/wp\/v2\/media?parent=7"}],"curies":[{"name":"wp","href":"https:\/\/api.w.org\/{rel}","templated":true}]}}