{"id":693,"date":"2019-10-18T08:59:34","date_gmt":"2019-10-18T08:59:34","guid":{"rendered":"http:\/\/www.3d-masters.cz\/?page_id=693"},"modified":"2019-12-28T14:51:18","modified_gmt":"2019-12-28T14:51:18","slug":"eyetracking-ve-virtualni-realite","status":"publish","type":"page","link":"https:\/\/www.3d-masters.cz\/index.php\/eyetracking-ve-virtualni-realite\/","title":{"rendered":"Eyetracking ve virtu\u00e1ln\u00ed realit\u011b"},"content":{"rendered":"<h1 style=\"text-align: center;\">Vyu\u017eit\u00ed eyetrackingu ve virtu\u00e1ln\u00ed realit\u011b<\/h1>\n<p style=\"text-align: center;\">Vyv\u00edj\u00edme aplikace, kter\u00e9 vyu\u017e\u00edvaj\u00ed sledov\u00e1n\u00ed pohybu o\u010d\u00ed pro vyhodnocen\u00ed dan\u00fdch metrik (oblasti z\u00e1jmu).&nbsp;<\/p>\n<p style=\"text-align: center;\">Vyu\u017eit\u00ed pro optimalizace marketingov\u00fdch kampan\u00ed, v\u00fdvoj produkt\u016f, hodnocen\u00ed grafick\u00fdch n\u00e1vrh\u016f atd.&nbsp;<\/p>\n<p><iframe loading=\"lazy\" title=\"Eyetracking studie ve VR\" width=\"640\" height=\"360\" src=\"https:\/\/www.youtube.com\/embed\/FGXPPnGAzag?feature=oembed\" frameborder=\"0\" allow=\"accelerometer; autoplay; encrypted-media; gyroscope; picture-in-picture\" allowfullscreen><\/iframe><\/p>\n<p style=\"text-align: center;\"><em>Uk\u00e1zka aplikac\u00ed<\/em><\/p>\n<hr>\n<h2 style=\"text-align: center;\">Aplikace pro marketingov\u00e9 studie<\/h2>\n<p style=\"text-align: center;\">Aplikace pro vyhodnocov\u00e1n\u00ed metrik pro marketingov\u00e9 studie<\/p>\n<p style=\"text-align: center;\">Vyhodnocov\u00e1n\u00ed heatmap (doba fixace, prvn\u00ed fixace atd.)<\/p>\n<p style=\"text-align: center;\">Zp\u011btn\u00e1 rekonstrukce simulace (nen\u00ed nutn\u00e9 tvo\u0159it simulaci znovu v p\u0159\u00edpad\u011b zm\u011bny zad\u00e1n\u00ed)<\/p>\n<p style=\"text-align: center;\">Mo\u017enost rychl\u00e9 zm\u011bny simulace (poloha, velikost, textura produktu)<\/p>\n<p><iframe loading=\"lazy\" title=\"Marketingov\u00e9 studie ve VR\" width=\"640\" height=\"360\" src=\"https:\/\/www.youtube.com\/embed\/cZtUhxTwlfI?feature=oembed\" frameborder=\"0\" allow=\"accelerometer; autoplay; encrypted-media; gyroscope; picture-in-picture\" allowfullscreen><\/iframe><\/p>\n<p style=\"text-align: center;\"><em>Marketingov\u00e1 studie ve VR<\/em><\/p>\n<hr>\n<p style=\"text-align: center;\"><b>P\u0159\u00ednosy aplikace<\/b><\/p>\n<p style=\"text-align: center;\">Libovoln\u00e1 konfigurace simulace, mo\u017en\u00e9 rychl\u00e9 zm\u011bny<\/p>\n<p style=\"text-align: center;\">Sn\u00ed\u017een\u00ed n\u00e1kladu na marketingov\u00e9 studie ( mo\u017en\u00e9 vytvo\u0159it simulace kdekoliv s dostatkem prostoru)<\/p>\n<h2 style=\"text-align: center;\">Aplikace EyeTrackerStudio for Unity<\/h2>\n<p style=\"text-align: center;\">Vyv\u00edj\u00edme plugin pro SW Unity zam\u011b\u0159en\u00fd na eyetrackignov\u00e9 studie ve VR<\/p>\n<p style=\"text-align: center;\">Zaznamen\u00e1v\u00e1n\u00ed z\u00e1kladn\u00edch metrik a online tvorba heatmap<\/p>\n<p style=\"text-align: center;\">Na aplikaci spolupracujeme s experty na eyetracking(UXFocus)<\/p>\n<p style=\"text-align: center;\">Vyd\u00e1n\u00ed aplikace Jaro 2020<\/p>\n<!-- index.php -->\n<div\n\tclass=\"ngg-galleryoverview ngg-ajax-pagination-none\"\n\tid=\"ngg-gallery-dcdc55115a36ad416ce00446011c4bcd-1\">\n\n    \t<div class=\"slideshowlink\">\n        <a href='https:\/\/www.3d-masters.cz\/index.php\/eyetracking-ve-virtualni-realite\/nggallery\/slideshow'>[Uk\u00e1zat prezentaci]<\/a>\n\t\t\n\t<\/div>\n\t\t\t<!-- Thumbnails -->\n\t\t\t\t<div id=\"ngg-image-0\" class=\"ngg-gallery-thumbnail-box\" >\n\t\t\t\t        <div class=\"ngg-gallery-thumbnail\">\n            <a href=\"https:\/\/www.3d-masters.cz\/wp-content\/gallery\/eyetracking\/aplikaceEye.PNG\"\n               title=\"\"\n               data-src=\"https:\/\/www.3d-masters.cz\/wp-content\/gallery\/eyetracking\/aplikaceEye.PNG\"\n               data-thumbnail=\"https:\/\/www.3d-masters.cz\/wp-content\/gallery\/eyetracking\/thumbs\/thumbs_aplikaceEye.PNG\"\n               data-image-id=\"63\"\n               data-title=\"aplikaceEye\"\n               data-description=\"\"\n               data-image-slug=\"aplikaceeye\"\n               class=\"ngg-fancybox\" rel=\"dcdc55115a36ad416ce00446011c4bcd\">\n                <img\n                    title=\"aplikaceEye\"\n                    alt=\"aplikaceEye\"\n                    src=\"https:\/\/www.3d-masters.cz\/wp-content\/gallery\/eyetracking\/thumbs\/thumbs_aplikaceEye.PNG\"\n                    width=\"240\"\n                    height=\"160\"\n                    style=\"max-width:100%;\"\n                \/>\n            <\/a>\n        <\/div>\n\t\t\t\t\t\t\t<\/div> \n\t\t\t\n        \n\t\t\t\t<div id=\"ngg-image-1\" class=\"ngg-gallery-thumbnail-box\" >\n\t\t\t\t        <div class=\"ngg-gallery-thumbnail\">\n            <a href=\"https:\/\/www.3d-masters.cz\/wp-content\/gallery\/eyetracking\/GejsaHeatmapa.jpg\"\n               title=\"\"\n               data-src=\"https:\/\/www.3d-masters.cz\/wp-content\/gallery\/eyetracking\/GejsaHeatmapa.jpg\"\n               data-thumbnail=\"https:\/\/www.3d-masters.cz\/wp-content\/gallery\/eyetracking\/thumbs\/thumbs_GejsaHeatmapa.jpg\"\n               data-image-id=\"59\"\n               data-title=\"GejsaHeatmapa\"\n               data-description=\"\"\n               data-image-slug=\"gejsaheatmapa\"\n               class=\"ngg-fancybox\" rel=\"dcdc55115a36ad416ce00446011c4bcd\">\n                <img\n                    title=\"GejsaHeatmapa\"\n                    alt=\"GejsaHeatmapa\"\n                    src=\"https:\/\/www.3d-masters.cz\/wp-content\/gallery\/eyetracking\/thumbs\/thumbs_GejsaHeatmapa.jpg\"\n                    width=\"240\"\n                    height=\"160\"\n                    style=\"max-width:100%;\"\n                \/>\n            <\/a>\n        <\/div>\n\t\t\t\t\t\t\t<\/div> \n\t\t\t\n        \n\t\t\t\t<div id=\"ngg-image-2\" class=\"ngg-gallery-thumbnail-box\" >\n\t\t\t\t        <div class=\"ngg-gallery-thumbnail\">\n            <a href=\"https:\/\/www.3d-masters.cz\/wp-content\/gallery\/eyetracking\/OrionHeatMap.jpg\"\n               title=\"\"\n               data-src=\"https:\/\/www.3d-masters.cz\/wp-content\/gallery\/eyetracking\/OrionHeatMap.jpg\"\n               data-thumbnail=\"https:\/\/www.3d-masters.cz\/wp-content\/gallery\/eyetracking\/thumbs\/thumbs_OrionHeatMap.jpg\"\n               data-image-id=\"60\"\n               data-title=\"OrionHeatMap\"\n               data-description=\"\"\n               data-image-slug=\"orionheatmap\"\n               class=\"ngg-fancybox\" rel=\"dcdc55115a36ad416ce00446011c4bcd\">\n                <img\n                    title=\"OrionHeatMap\"\n                    alt=\"OrionHeatMap\"\n                    src=\"https:\/\/www.3d-masters.cz\/wp-content\/gallery\/eyetracking\/thumbs\/thumbs_OrionHeatMap.jpg\"\n                    width=\"240\"\n                    height=\"160\"\n                    style=\"max-width:100%;\"\n                \/>\n            <\/a>\n        <\/div>\n\t\t\t\t\t\t\t<\/div> \n\t\t\t\n        \n\t\t\t\t<div id=\"ngg-image-3\" class=\"ngg-gallery-thumbnail-box\" >\n\t\t\t\t        <div class=\"ngg-gallery-thumbnail\">\n            <a href=\"https:\/\/www.3d-masters.cz\/wp-content\/gallery\/eyetracking\/RitterSport_HeatMap.jpg\"\n               title=\"\"\n               data-src=\"https:\/\/www.3d-masters.cz\/wp-content\/gallery\/eyetracking\/RitterSport_HeatMap.jpg\"\n               data-thumbnail=\"https:\/\/www.3d-masters.cz\/wp-content\/gallery\/eyetracking\/thumbs\/thumbs_RitterSport_HeatMap.jpg\"\n               data-image-id=\"61\"\n               data-title=\"RitterSport_HeatMap\"\n               data-description=\"\"\n               data-image-slug=\"rittersport_heatmap\"\n               class=\"ngg-fancybox\" rel=\"dcdc55115a36ad416ce00446011c4bcd\">\n                <img\n                    title=\"RitterSport_HeatMap\"\n                    alt=\"RitterSport_HeatMap\"\n                    src=\"https:\/\/www.3d-masters.cz\/wp-content\/gallery\/eyetracking\/thumbs\/thumbs_RitterSport_HeatMap.jpg\"\n                    width=\"240\"\n                    height=\"160\"\n                    style=\"max-width:100%;\"\n                \/>\n            <\/a>\n        <\/div>\n\t\t\t\t\t\t\t<\/div> \n\t\t\t\n        \n\t\t\t\t<div id=\"ngg-image-4\" class=\"ngg-gallery-thumbnail-box\" >\n\t\t\t\t        <div class=\"ngg-gallery-thumbnail\">\n            <a href=\"https:\/\/www.3d-masters.cz\/wp-content\/gallery\/eyetracking\/V%C3%BDst%C5%99i%C5%BEek.PNG\"\n               title=\"\"\n               data-src=\"https:\/\/www.3d-masters.cz\/wp-content\/gallery\/eyetracking\/V%C3%BDst%C5%99i%C5%BEek.PNG\"\n               data-thumbnail=\"https:\/\/www.3d-masters.cz\/wp-content\/gallery\/eyetracking\/thumbs\/thumbs_V%C3%BDst%C5%99i%C5%BEek.PNG\"\n               data-image-id=\"62\"\n               data-title=\"V\u00fdst\u0159i\u017eek\"\n               data-description=\"\"\n               data-image-slug=\"v%c3%bdst%c5%99i%c5%beek-1\"\n               class=\"ngg-fancybox\" rel=\"dcdc55115a36ad416ce00446011c4bcd\">\n                <img\n                    title=\"V\u00fdst\u0159i\u017eek\"\n                    alt=\"V\u00fdst\u0159i\u017eek\"\n                    src=\"https:\/\/www.3d-masters.cz\/wp-content\/gallery\/eyetracking\/thumbs\/thumbs_V%C3%BDst%C5%99i%C5%BEek.PNG\"\n                    width=\"240\"\n                    height=\"160\"\n                    style=\"max-width:100%;\"\n                \/>\n            <\/a>\n        <\/div>\n\t\t\t\t\t\t\t<\/div> \n\t\t\t\n        \n\t\t\n\t\t<!-- Pagination -->\n\t<div class='ngg-clear'><\/div>\t<\/div>\n\n<hr>\n<p style=\"text-align: center;\"><strong>T\u011b\u0161\u00edme se na na\u0161i spolupr\u00e1ci<\/strong><\/p>\n","protected":false},"excerpt":{"rendered":"<p>Vyu\u017eit\u00ed eyetrackingu ve virtu\u00e1ln\u00ed realit\u011b Vyv\u00edj\u00edme aplikace, kter\u00e9 vyu\u017e\u00edvaj\u00ed sledov\u00e1n\u00ed pohybu o\u010d\u00ed pro vyhodnocen\u00ed dan\u00fdch metrik (oblasti z\u00e1jmu).&nbsp; Vyu\u017eit\u00ed pro optimalizace marketingov\u00fdch kampan\u00ed, v\u00fdvoj produkt\u016f, hodnocen\u00ed grafick\u00fdch n\u00e1vrh\u016f atd.&nbsp; Uk\u00e1zka aplikac\u00ed Aplikace pro marketingov\u00e9 studie Aplikace pro vyhodnocov\u00e1n\u00ed metrik pro marketingov\u00e9 studie Vyhodnocov\u00e1n\u00ed heatmap (doba fixace, prvn\u00ed fixace atd.) Zp\u011btn\u00e1 rekonstrukce simulace (nen\u00ed nutn\u00e9 tvo\u0159it <a href=\"https:\/\/www.3d-masters.cz\/index.php\/eyetracking-ve-virtualni-realite\/\" rel=\"nofollow\"><span class=\"sr-only\">P\u0159e\u010d\u00edst si v\u00edc oEyetracking ve virtu\u00e1ln\u00ed realit\u011b<\/span>[&hellip;]<\/a><\/p>\n","protected":false},"author":1,"featured_media":0,"parent":0,"menu_order":0,"comment_status":"closed","ping_status":"closed","template":"template-fullwidth-no-title.php","meta":{"ngg_post_thumbnail":0},"_links":{"self":[{"href":"https:\/\/www.3d-masters.cz\/index.php\/wp-json\/wp\/v2\/pages\/693"}],"collection":[{"href":"https:\/\/www.3d-masters.cz\/index.php\/wp-json\/wp\/v2\/pages"}],"about":[{"href":"https:\/\/www.3d-masters.cz\/index.php\/wp-json\/wp\/v2\/types\/page"}],"author":[{"embeddable":true,"href":"https:\/\/www.3d-masters.cz\/index.php\/wp-json\/wp\/v2\/users\/1"}],"replies":[{"embeddable":true,"href":"https:\/\/www.3d-masters.cz\/index.php\/wp-json\/wp\/v2\/comments?post=693"}],"version-history":[{"count":12,"href":"https:\/\/www.3d-masters.cz\/index.php\/wp-json\/wp\/v2\/pages\/693\/revisions"}],"predecessor-version":[{"id":747,"href":"https:\/\/www.3d-masters.cz\/index.php\/wp-json\/wp\/v2\/pages\/693\/revisions\/747"}],"wp:attachment":[{"href":"https:\/\/www.3d-masters.cz\/index.php\/wp-json\/wp\/v2\/media?parent=693"}],"curies":[{"name":"wp","href":"https:\/\/api.w.org\/{rel}","templated":true}]}}