{"id":643,"date":"2019-02-26T15:02:51","date_gmt":"2019-02-26T15:02:51","guid":{"rendered":"http:\/\/www.3d-masters.cz\/?page_id=643"},"modified":"2019-12-28T14:31:26","modified_gmt":"2019-12-28T14:31:26","slug":"interaktivni-vizualizace-produktu","status":"publish","type":"page","link":"https:\/\/www.3d-masters.cz\/index.php\/vr-2\/interaktivni-vizualizace-produktu\/","title":{"rendered":"Interaktivn\u00ed vizualizace a konfigurace produkt\u016f"},"content":{"rendered":"<h1 style=\"text-align: center;\">Interaktivn\u00ed vizualizace a konfigurace produkt\u016f<\/h1>\n<p style=\"text-align: center;\">Vyv\u00edj\u00edme aplikace pro vizualizaci a konfiguraci produkt\u016f<\/p>\n<p style=\"text-align: center;\">Virtu\u00e1ln\u00ed prohl\u00eddka za pomoci HMD<\/p>\n<p><iframe loading=\"lazy\" width=\"640\" height=\"360\" src=\"https:\/\/www.youtube.com\/embed\/Cwgtd_G1PfE?feature=oembed\" frameborder=\"0\" allow=\"accelerometer; autoplay; encrypted-media; gyroscope; picture-in-picture\" allowfullscreen><\/iframe><\/p>\n<p style=\"text-align: center;\"><em>Uk\u00e1zka z aplikace Car Configurator VR<\/em><\/p>\n<hr>\n<h2 style=\"text-align: center;\">Aplikace Car Configurator VR<\/h2>\n<p style=\"text-align: center;\">Aplikace pro interaktivn\u00ed vizualizaci vozidel ve VR<\/p>\n<p style=\"text-align: center;\">Vizualizace interi\u00e9ru a exteri\u00e9ru vozidla<\/p>\n<p style=\"text-align: center;\">Voln\u00fd pohyb v okol\u00ed vozidla<\/p>\n<p style=\"text-align: center;\">Interaktivn\u00ed simulace (otev\u00edr\u00e1n\u00ed dve\u0159\u00ed,\u2026)<\/p>\n<p style=\"text-align: center;\">Mo\u017enost zm\u011bn barev, komponent\u016f (zm\u011bn kol,\u2026)<\/p>\n<p style=\"text-align: center;\">Vizualizace vozidel v libovoln\u00e9m prost\u0159ed\u00ed<\/p>\n<p style=\"text-align: center;\">Libovoln\u00e9 u\u017eivatelsk\u00e9 ovl\u00e1d\u00e1n\u00ed pomoc\u00ed controller\u016f<\/p>\n<p style=\"text-align: center;\">Vyv\u00edj\u00edme nov\u00e9 ovl\u00e1d\u00e1n\u00ed pomoc\u00ed gest rukou<\/p>\n<p><img loading=\"lazy\" class=\"alignnone size-full wp-image-732\" src=\"http:\/\/www.3d-masters.cz\/wp-content\/uploads\/2019\/12\/main-2.png\" alt=\"\" width=\"2859\" height=\"1608\" srcset=\"https:\/\/www.3d-masters.cz\/wp-content\/uploads\/2019\/12\/main-2.png 2859w, https:\/\/www.3d-masters.cz\/wp-content\/uploads\/2019\/12\/main-2-300x169.png 300w, https:\/\/www.3d-masters.cz\/wp-content\/uploads\/2019\/12\/main-2-768x432.png 768w, https:\/\/www.3d-masters.cz\/wp-content\/uploads\/2019\/12\/main-2-1024x576.png 1024w\" sizes=\"(max-width: 2859px) 100vw, 2859px\" \/><\/p>\n<p style=\"text-align: center;\"><em>Vizualizace vozidla ve VR<\/em><\/p>\n<hr>\n<p style=\"text-align: center;\"><b>P\u0159\u00ednosy aplikace<\/b><\/p>\n<p style=\"text-align: center;\">Podpora marketingu a prodeje vozidel<\/p>\n<p style=\"text-align: center;\">Libovoln\u00e1 konfigurace vozidel a n\u00e1sledn\u00e1 vizualizace v re\u00e1ln\u00e9m \u010dase<\/p>\n<!-- index.php -->\n<div\n\tclass=\"ngg-galleryoverview ngg-ajax-pagination-none\"\n\tid=\"ngg-gallery-f5be40ed349a05fde21dda11c3fc6f65-1\">\n\n    \t<div class=\"slideshowlink\">\n        <a href='https:\/\/www.3d-masters.cz\/index.php\/vr-2\/interaktivni-vizualizace-produktu\/nggallery\/slideshow'>[Uk\u00e1zat prezentaci]<\/a>\n\t\t\n\t<\/div>\n\t\t\t<!-- Thumbnails -->\n\t\t\t\t<div id=\"ngg-image-0\" class=\"ngg-gallery-thumbnail-box\" >\n\t\t\t\t        <div class=\"ngg-gallery-thumbnail\">\n            <a href=\"https:\/\/www.3d-masters.cz\/wp-content\/gallery\/vr\/Adventure-133.JPG\"\n               title=\"\"\n               data-src=\"https:\/\/www.3d-masters.cz\/wp-content\/gallery\/vr\/Adventure-133.JPG\"\n               data-thumbnail=\"https:\/\/www.3d-masters.cz\/wp-content\/gallery\/vr\/thumbs\/thumbs_Adventure-133.JPG\"\n               data-image-id=\"52\"\n               data-title=\"Adventure 133\"\n               data-description=\"\"\n               data-image-slug=\"adventure-133\"\n               class=\"ngg-fancybox\" rel=\"f5be40ed349a05fde21dda11c3fc6f65\">\n                <img\n                    title=\"Adventure 133\"\n                    alt=\"Adventure 133\"\n                    src=\"https:\/\/www.3d-masters.cz\/wp-content\/gallery\/vr\/thumbs\/thumbs_Adventure-133.JPG\"\n                    width=\"240\"\n                    height=\"160\"\n                    style=\"max-width:100%;\"\n                \/>\n            <\/a>\n        <\/div>\n\t\t\t\t\t\t\t<\/div> \n\t\t\t\n        \n\t\t\t\t<div id=\"ngg-image-1\" class=\"ngg-gallery-thumbnail-box\" >\n\t\t\t\t        <div class=\"ngg-gallery-thumbnail\">\n            <a href=\"https:\/\/www.3d-masters.cz\/wp-content\/gallery\/vr\/les.JPG\"\n               title=\"\"\n               data-src=\"https:\/\/www.3d-masters.cz\/wp-content\/gallery\/vr\/les.JPG\"\n               data-thumbnail=\"https:\/\/www.3d-masters.cz\/wp-content\/gallery\/vr\/thumbs\/thumbs_les.JPG\"\n               data-image-id=\"54\"\n               data-title=\"les\"\n               data-description=\"\"\n               data-image-slug=\"les\"\n               class=\"ngg-fancybox\" rel=\"f5be40ed349a05fde21dda11c3fc6f65\">\n                <img\n                    title=\"les\"\n                    alt=\"les\"\n                    src=\"https:\/\/www.3d-masters.cz\/wp-content\/gallery\/vr\/thumbs\/thumbs_les.JPG\"\n                    width=\"240\"\n                    height=\"160\"\n                    style=\"max-width:100%;\"\n                \/>\n            <\/a>\n        <\/div>\n\t\t\t\t\t\t\t<\/div> \n\t\t\t\n        \n\t\t\t\t<div id=\"ngg-image-2\" class=\"ngg-gallery-thumbnail-box\" >\n\t\t\t\t        <div class=\"ngg-gallery-thumbnail\">\n            <a href=\"https:\/\/www.3d-masters.cz\/wp-content\/gallery\/vr\/V%C3%BDst%C5%99i%C5%BEek.JPG\"\n               title=\"\"\n               data-src=\"https:\/\/www.3d-masters.cz\/wp-content\/gallery\/vr\/V%C3%BDst%C5%99i%C5%BEek.JPG\"\n               data-thumbnail=\"https:\/\/www.3d-masters.cz\/wp-content\/gallery\/vr\/thumbs\/thumbs_V%C3%BDst%C5%99i%C5%BEek.JPG\"\n               data-image-id=\"55\"\n               data-title=\"V\u00fdst\u0159i\u017eek\"\n               data-description=\"\"\n               data-image-slug=\"v%c3%bdst%c5%99i%c5%beek\"\n               class=\"ngg-fancybox\" rel=\"f5be40ed349a05fde21dda11c3fc6f65\">\n                <img\n                    title=\"V\u00fdst\u0159i\u017eek\"\n                    alt=\"V\u00fdst\u0159i\u017eek\"\n                    src=\"https:\/\/www.3d-masters.cz\/wp-content\/gallery\/vr\/thumbs\/thumbs_V%C3%BDst%C5%99i%C5%BEek.JPG\"\n                    width=\"240\"\n                    height=\"160\"\n                    style=\"max-width:100%;\"\n                \/>\n            <\/a>\n        <\/div>\n\t\t\t\t\t\t\t<\/div> \n\t\t\t\n        \n\t\t\t\t<div id=\"ngg-image-3\" class=\"ngg-gallery-thumbnail-box\" >\n\t\t\t\t        <div class=\"ngg-gallery-thumbnail\">\n            <a href=\"https:\/\/www.3d-masters.cz\/wp-content\/gallery\/vr\/ScenaHory4-1.PNG\"\n               title=\"\"\n               data-src=\"https:\/\/www.3d-masters.cz\/wp-content\/gallery\/vr\/ScenaHory4-1.PNG\"\n               data-thumbnail=\"https:\/\/www.3d-masters.cz\/wp-content\/gallery\/vr\/thumbs\/thumbs_ScenaHory4-1.PNG\"\n               data-image-id=\"56\"\n               data-title=\"ScenaHory4\"\n               data-description=\"\"\n               data-image-slug=\"scenahory4-1\"\n               class=\"ngg-fancybox\" rel=\"f5be40ed349a05fde21dda11c3fc6f65\">\n                <img\n                    title=\"ScenaHory4\"\n                    alt=\"ScenaHory4\"\n                    src=\"https:\/\/www.3d-masters.cz\/wp-content\/gallery\/vr\/thumbs\/thumbs_ScenaHory4-1.PNG\"\n                    width=\"240\"\n                    height=\"160\"\n                    style=\"max-width:100%;\"\n                \/>\n            <\/a>\n        <\/div>\n\t\t\t\t\t\t\t<\/div> \n\t\t\t\n        \n\t\t\t\t<div id=\"ngg-image-4\" class=\"ngg-gallery-thumbnail-box\" >\n\t\t\t\t        <div class=\"ngg-gallery-thumbnail\">\n            <a href=\"https:\/\/www.3d-masters.cz\/wp-content\/gallery\/vr\/studio.JPG\"\n               title=\"\"\n               data-src=\"https:\/\/www.3d-masters.cz\/wp-content\/gallery\/vr\/studio.JPG\"\n               data-thumbnail=\"https:\/\/www.3d-masters.cz\/wp-content\/gallery\/vr\/thumbs\/thumbs_studio.JPG\"\n               data-image-id=\"57\"\n               data-title=\"studio\"\n               data-description=\"\"\n               data-image-slug=\"studio\"\n               class=\"ngg-fancybox\" rel=\"f5be40ed349a05fde21dda11c3fc6f65\">\n                <img\n                    title=\"studio\"\n                    alt=\"studio\"\n                    src=\"https:\/\/www.3d-masters.cz\/wp-content\/gallery\/vr\/thumbs\/thumbs_studio.JPG\"\n                    width=\"240\"\n                    height=\"160\"\n                    style=\"max-width:100%;\"\n                \/>\n            <\/a>\n        <\/div>\n\t\t\t\t\t\t\t<\/div> \n\t\t\t\n        \n\t\t\t\t<div id=\"ngg-image-5\" class=\"ngg-gallery-thumbnail-box\" >\n\t\t\t\t        <div class=\"ngg-gallery-thumbnail\">\n            <a href=\"https:\/\/www.3d-masters.cz\/wp-content\/gallery\/vr\/sv%C4%9Btla-novy.JPG\"\n               title=\"\"\n               data-src=\"https:\/\/www.3d-masters.cz\/wp-content\/gallery\/vr\/sv%C4%9Btla-novy.JPG\"\n               data-thumbnail=\"https:\/\/www.3d-masters.cz\/wp-content\/gallery\/vr\/thumbs\/thumbs_sv%C4%9Btla-novy.JPG\"\n               data-image-id=\"58\"\n               data-title=\"sv\u011btla novy\"\n               data-description=\"\"\n               data-image-slug=\"sv%c4%9btla-novy\"\n               class=\"ngg-fancybox\" rel=\"f5be40ed349a05fde21dda11c3fc6f65\">\n                <img\n                    title=\"sv\u011btla novy\"\n                    alt=\"sv\u011btla novy\"\n                    src=\"https:\/\/www.3d-masters.cz\/wp-content\/gallery\/vr\/thumbs\/thumbs_sv%C4%9Btla-novy.JPG\"\n                    width=\"240\"\n                    height=\"160\"\n                    style=\"max-width:100%;\"\n                \/>\n            <\/a>\n        <\/div>\n\t\t\t\t\t\t\t<\/div> \n\t\t\t\n        \n\t\t\n\t\t<!-- Pagination -->\n\t<div class='ngg-clear'><\/div>\t<\/div>\n\n<hr>\n<p style=\"text-align: center;\"><strong>T\u011b\u0161\u00edme se na na\u0161i spolupr\u00e1ci<\/strong><\/p>\n","protected":false},"excerpt":{"rendered":"<p>Interaktivn\u00ed vizualizace a konfigurace produkt\u016f Vyv\u00edj\u00edme aplikace pro vizualizaci a konfiguraci produkt\u016f Virtu\u00e1ln\u00ed prohl\u00eddka za pomoci HMD Uk\u00e1zka z aplikace Car Configurator VR Aplikace Car Configurator VR Aplikace pro interaktivn\u00ed vizualizaci vozidel ve VR Vizualizace interi\u00e9ru a exteri\u00e9ru vozidla Voln\u00fd pohyb v okol\u00ed vozidla Interaktivn\u00ed simulace (otev\u00edr\u00e1n\u00ed dve\u0159\u00ed,\u2026) Mo\u017enost zm\u011bn barev, komponent\u016f (zm\u011bn kol,\u2026) Vizualizace <a href=\"https:\/\/www.3d-masters.cz\/index.php\/vr-2\/interaktivni-vizualizace-produktu\/\" rel=\"nofollow\"><span class=\"sr-only\">P\u0159e\u010d\u00edst si v\u00edc oInteraktivn\u00ed vizualizace a konfigurace produkt\u016f<\/span>[&hellip;]<\/a><\/p>\n","protected":false},"author":1,"featured_media":0,"parent":71,"menu_order":0,"comment_status":"closed","ping_status":"closed","template":"template-fullwidth-no-title.php","meta":{"ngg_post_thumbnail":0},"_links":{"self":[{"href":"https:\/\/www.3d-masters.cz\/index.php\/wp-json\/wp\/v2\/pages\/643"}],"collection":[{"href":"https:\/\/www.3d-masters.cz\/index.php\/wp-json\/wp\/v2\/pages"}],"about":[{"href":"https:\/\/www.3d-masters.cz\/index.php\/wp-json\/wp\/v2\/types\/page"}],"author":[{"embeddable":true,"href":"https:\/\/www.3d-masters.cz\/index.php\/wp-json\/wp\/v2\/users\/1"}],"replies":[{"embeddable":true,"href":"https:\/\/www.3d-masters.cz\/index.php\/wp-json\/wp\/v2\/comments?post=643"}],"version-history":[{"count":12,"href":"https:\/\/www.3d-masters.cz\/index.php\/wp-json\/wp\/v2\/pages\/643\/revisions"}],"predecessor-version":[{"id":738,"href":"https:\/\/www.3d-masters.cz\/index.php\/wp-json\/wp\/v2\/pages\/643\/revisions\/738"}],"up":[{"embeddable":true,"href":"https:\/\/www.3d-masters.cz\/index.php\/wp-json\/wp\/v2\/pages\/71"}],"wp:attachment":[{"href":"https:\/\/www.3d-masters.cz\/index.php\/wp-json\/wp\/v2\/media?parent=643"}],"curies":[{"name":"wp","href":"https:\/\/api.w.org\/{rel}","templated":true}]}}