{"id":625,"date":"2019-01-07T19:44:09","date_gmt":"2019-01-07T19:44:09","guid":{"rendered":"http:\/\/www.3d-masters.cz\/?page_id=625"},"modified":"2019-02-26T20:25:21","modified_gmt":"2019-02-26T20:25:21","slug":"optimalizace-vyrobnich-procesu","status":"publish","type":"page","link":"https:\/\/www.3d-masters.cz\/index.php\/optimalizace-vyrobnich-procesu\/","title":{"rendered":"Optimalizace v\u00fdrobn\u00edch proces\u016f"},"content":{"rendered":"<h1 style=\"text-align: center;\"><strong>Vyvinuli jsme metodu pro optimalizaci oper\u00e1torsk\u00fdch pracovi\u0161\u0165<\/strong><\/h1>\n<hr>\n<h2><img loading=\"lazy\" class=\"aligncenter wp-image-620\" src=\"http:\/\/www.3d-masters.cz\/wp-content\/uploads\/2019\/01\/optimalizace-pracovist.png\" alt=\"\" width=\"1275\" height=\"407\" srcset=\"https:\/\/www.3d-masters.cz\/wp-content\/uploads\/2019\/01\/optimalizace-pracovist.png 1592w, https:\/\/www.3d-masters.cz\/wp-content\/uploads\/2019\/01\/optimalizace-pracovist-300x96.png 300w, https:\/\/www.3d-masters.cz\/wp-content\/uploads\/2019\/01\/optimalizace-pracovist-768x246.png 768w, https:\/\/www.3d-masters.cz\/wp-content\/uploads\/2019\/01\/optimalizace-pracovist-1024x327.png 1024w\" sizes=\"(max-width: 1275px) 100vw, 1275px\" \/><\/h2>\n<hr>\n<hr>\n<h2 style=\"text-align: center;\">V\u00fdhody metody<\/h2>\n<p style=\"text-align: center;\">Ov\u011b\u0159en\u00ed navr\u017een\u00e9ho pracovi\u0161t\u011b p\u0159ed v\u00fdstavbou<\/p>\n<p style=\"text-align: center;\">M\u011b\u0159en\u00ed takt\u016f oper\u00e1torsk\u00e9ho pracovi\u0161t\u011b<\/p>\n<p style=\"text-align: center;\">Optimalizace pracovi\u0161t\u011b (rozm\u00edst\u011bn\u00ed komponent, ovl\u00e1dac\u00edch prvk\u016f\u2026)<\/p>\n<p style=\"text-align: center;\">Trackov\u00e1n\u00ed pohyb\u016f pro ergonomick\u00e9 vyhodnocen\u00ed (pohyby rukou)<\/p>\n<p style=\"text-align: center;\">Vyt\u00ed\u017eenost oper\u00e1tora b\u011bhem taktu<\/p>\n<p style=\"text-align: center;\">Ov\u011b\u0159en\u00ed koliz\u00ed b\u011bhem pohyb\u016f oper\u00e1tora<\/p>\n<p style=\"text-align: center;\">Po v\u00fdstavb\u011b mnohem vy\u0161\u0161\u00ed n\u00e1klady na zm\u011bny<\/p>\n<p style=\"text-align: center;\">N\u011bkter\u00e9 zm\u011bny linky nelze po v\u00fdrob\u011b prov\u00e9st<\/p>\n<p style=\"text-align: center;\">Za\u0161kolen\u00ed oper\u00e1tor\u016f p\u0159ed v\u00fdstavbou linky<\/p>\n<p style=\"text-align: center;\">Simulace a \u0159e\u0161en\u00ed krizov\u00fdch situac\u00ed<\/p>\n<p style=\"text-align: center;\">Mo\u017enost p\u0159edveden\u00ed linky z\u00e1kazn\u00edkovi p\u0159ed re\u00e1lnou v\u00fdstavbou<\/p>\n<p><iframe loading=\"lazy\" width=\"640\" height=\"360\" src=\"https:\/\/www.youtube.com\/embed\/bWVzUfdwz5o?feature=oembed\" frameborder=\"0\" allow=\"accelerometer; autoplay; encrypted-media; gyroscope; picture-in-picture\" allowfullscreen><\/iframe><\/p>\n<hr>\n<hr>\n<h2 style=\"text-align: center;\"><b>V\u00fdstupy metody<\/b><\/h2>\n<hr>\n<h3 style=\"text-align: center;\"><b>Interaktivn\u00ed simulace ve VR<\/b><\/h3>\n<p style=\"text-align: center;\">Interaktivn\u00ed simulace na pracovi\u0161ti<\/p>\n<p style=\"text-align: center;\">Vizualizace pracovi\u0161t\u011b<\/p>\n<p style=\"text-align: center;\">Ov\u011b\u0159en\u00ed koliz\u00ed ve virtu\u00e1ln\u00edm prost\u0159ed\u00ed<\/p>\n<p><img loading=\"lazy\" class=\"aligncenter wp-image-623\" src=\"http:\/\/www.3d-masters.cz\/wp-content\/uploads\/2019\/01\/VR.png\" alt=\"\" width=\"548\" height=\"279\" srcset=\"https:\/\/www.3d-masters.cz\/wp-content\/uploads\/2019\/01\/VR.png 419w, https:\/\/www.3d-masters.cz\/wp-content\/uploads\/2019\/01\/VR-300x153.png 300w\" sizes=\"(max-width: 548px) 100vw, 548px\" \/><\/p>\n<hr>\n<h3 style=\"text-align: center;\"><b>Hodnot\u00edc\u00ed listy oper\u00e1torsk\u00e9ho pracovi\u0161t\u011b<\/b><\/h3>\n<p style=\"text-align: center;\">Takt oper\u00e1torsk\u00e9ho pracovi\u0161t\u011b (pr\u016fm\u011brn\u00fd, minim\u00e1ln\u00ed)<\/p>\n<p style=\"text-align: center;\">Ergonomie pracovn\u00edho prost\u0159ed\u00ed (d\u00e9lka pohyb\u016f rukou, \u010das dr\u017een\u00ed jednotliv\u00fdch komponent\u2026)<\/p>\n<p><img loading=\"lazy\" class=\"aligncenter wp-image-618\" src=\"http:\/\/www.3d-masters.cz\/wp-content\/uploads\/2019\/01\/hodnotici-list1.png\" alt=\"\" width=\"569\" height=\"428\" srcset=\"https:\/\/www.3d-masters.cz\/wp-content\/uploads\/2019\/01\/hodnotici-list1.png 962w, https:\/\/www.3d-masters.cz\/wp-content\/uploads\/2019\/01\/hodnotici-list1-300x225.png 300w, https:\/\/www.3d-masters.cz\/wp-content\/uploads\/2019\/01\/hodnotici-list1-768x577.png 768w, https:\/\/www.3d-masters.cz\/wp-content\/uploads\/2019\/01\/hodnotici-list1-285x214.png 285w\" sizes=\"(max-width: 569px) 100vw, 569px\" \/><\/p>\n<hr>\n<h3 style=\"text-align: center;\"><b>Trackov\u00e1n\u00ed<\/b><b> pohyb\u016f<\/b><\/h3>\n<p style=\"text-align: center;\">Vykreslen\u00ed pohyb\u016f lev\u00e9 a prav\u00e9 ruky<\/p>\n<p><img loading=\"lazy\" class=\"aligncenter size-full wp-image-621\" src=\"http:\/\/www.3d-masters.cz\/wp-content\/uploads\/2019\/01\/trackovani.jpg\" alt=\"\" width=\"535\" height=\"499\" srcset=\"https:\/\/www.3d-masters.cz\/wp-content\/uploads\/2019\/01\/trackovani.jpg 535w, https:\/\/www.3d-masters.cz\/wp-content\/uploads\/2019\/01\/trackovani-300x280.jpg 300w\" sizes=\"(max-width: 535px) 100vw, 535px\" \/><\/p>\n<hr>\n<hr>\n<h2 style=\"text-align: center;\"><b>Nab\u00edzen\u00e9 slu\u017eby<\/b><\/h2>\n<p style=\"text-align: center;\"><img loading=\"lazy\" class=\"aligncenter wp-image-633\" src=\"http:\/\/www.3d-masters.cz\/wp-content\/uploads\/2019\/01\/verze.jpg\" alt=\"\" width=\"827\" height=\"365\" srcset=\"https:\/\/www.3d-masters.cz\/wp-content\/uploads\/2019\/01\/verze.jpg 1067w, https:\/\/www.3d-masters.cz\/wp-content\/uploads\/2019\/01\/verze-300x132.jpg 300w, https:\/\/www.3d-masters.cz\/wp-content\/uploads\/2019\/01\/verze-768x339.jpg 768w, https:\/\/www.3d-masters.cz\/wp-content\/uploads\/2019\/01\/verze-1024x452.jpg 1024w\" sizes=\"(max-width: 827px) 100vw, 827px\" \/><\/p>\n","protected":false},"excerpt":{"rendered":"<p>Vyvinuli jsme metodu pro optimalizaci oper\u00e1torsk\u00fdch pracovi\u0161\u0165 V\u00fdhody metody Ov\u011b\u0159en\u00ed navr\u017een\u00e9ho pracovi\u0161t\u011b p\u0159ed v\u00fdstavbou M\u011b\u0159en\u00ed takt\u016f oper\u00e1torsk\u00e9ho pracovi\u0161t\u011b Optimalizace pracovi\u0161t\u011b (rozm\u00edst\u011bn\u00ed komponent, ovl\u00e1dac\u00edch prvk\u016f\u2026) Trackov\u00e1n\u00ed pohyb\u016f pro ergonomick\u00e9 vyhodnocen\u00ed (pohyby rukou) Vyt\u00ed\u017eenost oper\u00e1tora b\u011bhem taktu Ov\u011b\u0159en\u00ed koliz\u00ed b\u011bhem pohyb\u016f oper\u00e1tora Po v\u00fdstavb\u011b mnohem vy\u0161\u0161\u00ed n\u00e1klady na zm\u011bny N\u011bkter\u00e9 zm\u011bny linky nelze po v\u00fdrob\u011b prov\u00e9st Za\u0161kolen\u00ed <a href=\"https:\/\/www.3d-masters.cz\/index.php\/optimalizace-vyrobnich-procesu\/\" rel=\"nofollow\"><span class=\"sr-only\">P\u0159e\u010d\u00edst si v\u00edc oOptimalizace v\u00fdrobn\u00edch proces\u016f<\/span>[&hellip;]<\/a><\/p>\n","protected":false},"author":1,"featured_media":0,"parent":0,"menu_order":0,"comment_status":"closed","ping_status":"closed","template":"template-fullwidth-no-title.php","meta":{"ngg_post_thumbnail":0},"_links":{"self":[{"href":"https:\/\/www.3d-masters.cz\/index.php\/wp-json\/wp\/v2\/pages\/625"}],"collection":[{"href":"https:\/\/www.3d-masters.cz\/index.php\/wp-json\/wp\/v2\/pages"}],"about":[{"href":"https:\/\/www.3d-masters.cz\/index.php\/wp-json\/wp\/v2\/types\/page"}],"author":[{"embeddable":true,"href":"https:\/\/www.3d-masters.cz\/index.php\/wp-json\/wp\/v2\/users\/1"}],"replies":[{"embeddable":true,"href":"https:\/\/www.3d-masters.cz\/index.php\/wp-json\/wp\/v2\/comments?post=625"}],"version-history":[{"count":9,"href":"https:\/\/www.3d-masters.cz\/index.php\/wp-json\/wp\/v2\/pages\/625\/revisions"}],"predecessor-version":[{"id":664,"href":"https:\/\/www.3d-masters.cz\/index.php\/wp-json\/wp\/v2\/pages\/625\/revisions\/664"}],"wp:attachment":[{"href":"https:\/\/www.3d-masters.cz\/index.php\/wp-json\/wp\/v2\/media?parent=625"}],"curies":[{"name":"wp","href":"https:\/\/api.w.org\/{rel}","templated":true}]}}